{"id":95,"date":"2020-05-17T18:59:16","date_gmt":"2020-05-17T18:59:16","guid":{"rendered":"https:\/\/demosites.io\/yoga-studio-gb\/?page_id=95"},"modified":"2025-11-17T11:32:24","modified_gmt":"2025-11-17T10:32:24","slug":"84647-about","status":"publish","type":"page","link":"https:\/\/www.corconne.fr\/index.php\/84647-about\/","title":{"rendered":"A propos de Corconne"},"content":{"rendered":"\n<div id=\"wp-block-themeisle-blocks-advanced-columns-de58857b\" class=\"wp-block-themeisle-blocks-advanced-columns alignfull has-1-columns has-desktop-equal-layout has-tablet-equal-layout has-mobile-equal-layout has-vertical-unset\"><div class=\"wp-block-themeisle-blocks-advanced-columns-overlay\"><\/div><div class=\"innerblocks-wrap\">\n<div id=\"wp-block-themeisle-blocks-advanced-column-f2953736\" class=\"wp-block-themeisle-blocks-advanced-column\">\n<h1 id=\"wp-block-themeisle-blocks-advanced-heading-c0b67f5b\" class=\"wp-block-themeisle-blocks-advanced-heading wp-block-themeisle-blocks-advanced-heading-c0b67f5b\">Le village de Corconne<\/h1>\n<\/div>\n<\/div><\/div>\n\n\n\n<div id=\"wp-block-themeisle-blocks-advanced-columns-e9cd1f42\" class=\"wp-block-themeisle-blocks-advanced-columns alignfull has-2-columns has-desktop-twoOne-layout has-tablet-equal-layout has-mobile-collapsedRows-layout has-vertical-center has-light-bg\"><div class=\"wp-block-themeisle-blocks-advanced-columns-overlay\"><\/div><div class=\"innerblocks-wrap\">\n<div id=\"wp-block-themeisle-blocks-advanced-column-0b871236\" class=\"wp-block-themeisle-blocks-advanced-column\">\n<h4 class=\"wp-block-heading has-neve-button-color-color has-text-color\"><strong>A propos de Corconne<\/strong><\/h4>\n\n\n\n<h2 class=\"wp-block-heading\">Le village de Corconne<\/h2>\n\n\n\n<p>Corconne, village m\u00e9di\u00e9val gardois, est situ\u00e9 au nord de Montpellier, en pleine garrigue viticole, \u00e0 mi-distance sur les axes Montpellier-Al\u00e8s et N\u00eemes-Le Vigan. Accroch\u00e9 \u00e0 flan de colline sous d\u2019impressionnantes falaises, le village s\u2019inscrit en plein sud au pied du massif de Coutach.<br>La plaine viticole s\u2019\u00e9tale \u00e0 ses pieds sur un terroir baptis\u00e9 \u00ab&nbsp;La Gravette&nbsp;\u00bb; celui-ci est caract\u00e9ris\u00e9 par un sol profond constitu\u00e9 d\u2019un m\u00e9lange de cailloutis alluvionnaires et de terre argilo-calcaire tr\u00e8s propice \u00e0 la culture de la vigne et \u00e0 l\u2019\u00e9laboration de grands vins. Ce terroir fait d\u2019ailleurs partie, dans sa forme la plus septentrionale, de l\u2019appellation Cru du Pic Saint Loup.<br>A l\u2019est du village jusqu\u2019aux confins des garrigues, les coteaux sont plant\u00e9s d\u2019oliviers et de vignes. Ce m\u00e9lange de cultures donne au promeneur tout au long des quatre saisons un cama\u00efeu de couleurs \u00e9clatantes. Plant\u00e9es en leur quasi totalit\u00e9 dans la vari\u00e9t\u00e9 \u00ab&nbsp;picholine&nbsp;\u00bb, les oliveraies font partie de l\u2019AOC Olives et Huiles de N\u00eemes.<\/p>\n\n\n\n<blockquote class=\"wp-block-quote is-layout-flow wp-block-quote-is-layout-flow\">\n<p>De forte tradition ol\u00e9icole, le village poss\u00e9dait jusqu\u2019en 1914 deux moulins \u00e0 huile du XVIIeme; il fait partie des \u00ab&nbsp;villes ol\u00e9icoles fran\u00e7aises&nbsp;\u00bb et s\u2019inscrit sur la \u00ab&nbsp;route m\u00e9diterran\u00e9enne de l\u2019olivier&nbsp;\u00bb. Tous les ans, le 2eme dimanche de d\u00e9cembre, Corconne organise la F\u00eate de l\u2019Olive. C\u2019est une journ\u00e9e enti\u00e8rement d\u00e9di\u00e9e \u00e0 l\u2019ol\u00e9iculture avec pr\u00e9sentation par tous les mouliniers de leurs huiles nouvelles \u00e0 un concours qui fait notori\u00e9t\u00e9. L\u2019animation est honor\u00e9e par un chapitre de la confr\u00e9rie des Chevaliers de l\u2019Olivier du Languedoc-Roussillon dont les membres interviennent \u00e9galement sur les diff\u00e9rents concours de la journ\u00e9e. Des conf\u00e9rences, des ateliers de d\u00e9monstration de taille ou de cueillette et des pr\u00e9sentations de mat\u00e9riels sp\u00e9cifiques se d\u00e9roulent tout au cours de cette f\u00eate.<\/p>\n<\/blockquote>\n\n\n\n<p>Site g\u00e9ologique tr\u00e8s particulier, le Pont du Hasard est une arche naturelle reliant en fin de gorge les deux falaises qui surplombent le village. Le PR47 fait d\u00e9couvrir aux promeneurs ces paysages grandioses avant de les amener, au del\u00e0 du pont, au coeur du massif du Coutach. Dans les collines, les roches aux formes diverses constituent des paysages extraordinaires et intemporels; la ballade se termine en surplomb sur les oliveraies avant d\u2019atteindre le village. Deux autres sentiers de randonn\u00e9e, celui de la Gravette et celui des Coulond\u00e8zes, prennent leur d\u00e9part sur le parking de l\u2019espace Gravette \u00e0 l\u2019entr\u00e9e du village.<\/p>\n\n\n\n<blockquote class=\"wp-block-quote is-layout-flow wp-block-quote-is-layout-flow\">\n<p>Le patrimoine architectural est important : \u00e9glise du XIXeme si\u00e8cle r\u00e9cemment r\u00e9nov\u00e9e, chapelle construite en 1856 dans la salle de garde du ch\u00e2teau, ch\u00e2teau en ruine, ancien bastion m\u00e9di\u00e9val, vieux lavoir, situ\u00e9 sous le village sur le \u00ab&nbsp;sentier de la gravette&nbsp;\u00bb, moulin \u00e0 huile du XVIIeme si\u00e8cle, passage calad\u00e9 des charrettes.<\/p>\n<\/blockquote>\n\n\n\n<div class=\"wp-block-buttons is-layout-flex wp-block-buttons-is-layout-flex\"><\/div>\n<\/div>\n\n\n\n<div id=\"wp-block-themeisle-blocks-advanced-column-58ba5715\" class=\"wp-block-themeisle-blocks-advanced-column\">\n<figure class=\"wp-block-image size-large\"><img loading=\"lazy\" decoding=\"async\" width=\"847\" height=\"1024\" src=\"http:\/\/glssajk.cluster028.hosting.ovh.net\/wp-content\/uploads\/2023\/10\/Couv-agenda-1-12-847x1024.jpg\" alt=\"\" class=\"wp-image-212\" srcset=\"https:\/\/www.corconne.fr\/wp-content\/uploads\/2023\/10\/Couv-agenda-1-12-847x1024.jpg 847w, https:\/\/www.corconne.fr\/wp-content\/uploads\/2023\/10\/Couv-agenda-1-12-248x300.jpg 248w, https:\/\/www.corconne.fr\/wp-content\/uploads\/2023\/10\/Couv-agenda-1-12-768x929.jpg 768w, https:\/\/www.corconne.fr\/wp-content\/uploads\/2023\/10\/Couv-agenda-1-12-1270x1536.jpg 1270w, https:\/\/www.corconne.fr\/wp-content\/uploads\/2023\/10\/Couv-agenda-1-12-1694x2048.jpg 1694w\" sizes=\"auto, (max-width: 847px) 100vw, 847px\" \/><\/figure>\n<\/div>\n<\/div><\/div>\n","protected":false},"excerpt":{"rendered":"","protected":false},"author":1,"featured_media":0,"parent":0,"menu_order":0,"comment_status":"closed","ping_status":"closed","template":"page-templates\/template-pagebuilder-full-width.php","meta":{"neve_meta_sidebar":"full-width","neve_meta_container":"","neve_meta_enable_content_width":"on","neve_meta_content_width":100,"neve_meta_title_alignment":"","neve_meta_author_avatar":"","neve_post_elements_order":"","neve_meta_disable_header":"","neve_meta_disable_footer":"","neve_meta_disable_title":"on","_themeisle_gutenberg_block_has_review":false,"footnotes":""},"class_list":["post-95","page","type-page","status-publish","hentry"],"_links":{"self":[{"href":"https:\/\/www.corconne.fr\/index.php\/wp-json\/wp\/v2\/pages\/95","targetHints":{"allow":["GET"]}}],"collection":[{"href":"https:\/\/www.corconne.fr\/index.php\/wp-json\/wp\/v2\/pages"}],"about":[{"href":"https:\/\/www.corconne.fr\/index.php\/wp-json\/wp\/v2\/types\/page"}],"author":[{"embeddable":true,"href":"https:\/\/www.corconne.fr\/index.php\/wp-json\/wp\/v2\/users\/1"}],"replies":[{"embeddable":true,"href":"https:\/\/www.corconne.fr\/index.php\/wp-json\/wp\/v2\/comments?post=95"}],"version-history":[{"count":3,"href":"https:\/\/www.corconne.fr\/index.php\/wp-json\/wp\/v2\/pages\/95\/revisions"}],"predecessor-version":[{"id":472,"href":"https:\/\/www.corconne.fr\/index.php\/wp-json\/wp\/v2\/pages\/95\/revisions\/472"}],"wp:attachment":[{"href":"https:\/\/www.corconne.fr\/index.php\/wp-json\/wp\/v2\/media?parent=95"}],"curies":[{"name":"wp","href":"https:\/\/api.w.org\/{rel}","templated":true}]}}