{"id":401,"date":"2025-10-03T15:23:46","date_gmt":"2025-10-03T13:23:46","guid":{"rendered":"http:\/\/glssajk.cluster028.hosting.ovh.net\/?page_id=401"},"modified":"2025-11-17T12:14:49","modified_gmt":"2025-11-17T11:14:49","slug":"bulletin-municipal","status":"publish","type":"page","link":"https:\/\/www.corconne.fr\/index.php\/bulletin-municipal\/","title":{"rendered":"Bulletin municipal"},"content":{"rendered":"\n<div id=\"wp-block-themeisle-blocks-advanced-columns-de58857b\" class=\"wp-block-themeisle-blocks-advanced-columns alignfull has-1-columns has-desktop-equal-layout has-tablet-equal-layout has-mobile-equal-layout has-vertical-unset\"><div class=\"wp-block-themeisle-blocks-advanced-columns-overlay\"><\/div><div class=\"innerblocks-wrap\">\n<div id=\"wp-block-themeisle-blocks-advanced-column-f2953736\" class=\"wp-block-themeisle-blocks-advanced-column\">\n<h1 id=\"wp-block-themeisle-blocks-advanced-heading-7665c6b9\" class=\"wp-block-themeisle-blocks-advanced-heading wp-block-themeisle-blocks-advanced-heading-7665c6b9\">Bulletin municipal : l&rsquo;Echo des Sauta Rocs<\/h1>\n<\/div>\n<\/div><\/div>\n\n\n\n<div id=\"wp-block-themeisle-blocks-advanced-columns-47933609\" class=\"wp-block-themeisle-blocks-advanced-columns alignfull has-1-columns has-desktop-equal-layout has-tablet-equal-layout has-mobile-collapsedRows-layout has-vertical-unset has-light-bg\"><div class=\"wp-block-themeisle-blocks-advanced-columns-overlay\"><\/div><div class=\"innerblocks-wrap\">\n<div id=\"wp-block-themeisle-blocks-advanced-column-6ffd9acd\" class=\"wp-block-themeisle-blocks-advanced-column has-light-bg\">\n<div id=\"wp-block-themeisle-blocks-advanced-columns-81a52adf\" class=\"wp-block-themeisle-blocks-advanced-columns has-1-columns has-desktop-equal-layout has-tablet-equal-layout has-mobile-equal-layout has-vertical-unset\"><div class=\"wp-block-themeisle-blocks-advanced-columns-overlay\"><\/div><div class=\"innerblocks-wrap\">\n<div id=\"wp-block-themeisle-blocks-advanced-column-83a6423d\" class=\"wp-block-themeisle-blocks-advanced-column\">\n<div class=\"wp-block-columns is-layout-flex wp-container-core-columns-is-layout-9d6595d7 wp-block-columns-is-layout-flex\">\n<div class=\"wp-block-column is-layout-flow wp-block-column-is-layout-flow\">\n<div data-wp-interactive=\"core\/file\" class=\"wp-block-file\"><object data-wp-bind--hidden=\"!state.hasPdfPreview\" hidden class=\"wp-block-file__embed\" data=\"https:\/\/www.corconne.fr\/wp-content\/uploads\/2025\/10\/Echo-des-sauta-rocs-75.pdf\" type=\"application\/pdf\" style=\"width:100%;height:600px\" aria-label=\"Contenu embarqu\u00e9 Echo des sauta rocs 75.\"><\/object><a id=\"wp-block-file--media-f8006c6b-46e3-433b-8388-d489ba07bbb2\" href=\"https:\/\/www.corconne.fr\/wp-content\/uploads\/2025\/10\/Echo-des-sauta-rocs-75.pdf\">Echo des sauta rocs 75<\/a><a href=\"https:\/\/www.corconne.fr\/wp-content\/uploads\/2025\/10\/Echo-des-sauta-rocs-75.pdf\" class=\"wp-block-file__button wp-element-button\" download aria-describedby=\"wp-block-file--media-f8006c6b-46e3-433b-8388-d489ba07bbb2\">T\u00e9l\u00e9charger<\/a><\/div>\n<\/div>\n\n\n\n<div class=\"wp-block-column is-vertically-aligned-center is-layout-flow wp-block-column-is-layout-flow\">\n<p class=\"has-text-align-center\">Retrouvez ici les derniers bulletins municipaux que les Corconnais re\u00e7oivent dans leur boite aux lettres. Pour consulter les bulletins plus anciens, n\u2019h\u00e9sitez pas \u00e0 vous rendre en mairie.<\/p>\n\n\n\n<p class=\"has-text-align-center\">L\u2019\u00c9cho des Sauta Rocs reprend les actualit\u00e9s du villages ainsi que certaines rubriques permanentes comme : le mot des associations, la chronique du Coutach, ou encore les r\u00e9sum\u00e9s des compte-rendus des conseils municipaux. Chaque num\u00e9ro paru en d\u00e9but d\u2019ann\u00e9e contient \u00e9galement l\u2019\u00e9tat civil de l\u2019ann\u00e9e pr\u00e9c\u00e9dente.<\/p>\n\n\n\n<p class=\"has-text-align-center\">R\u00e9dig\u00e9 par les membres du conseil municipal et mis en page par la commission communication. Directeur de la publication : Lionel Jean.<\/p>\n<\/div>\n<\/div>\n<\/div>\n<\/div><\/div>\n\n\n\n<p class=\"has-text-align-center\">Les bulletins municipaux pr\u00e9c\u00e9dents :<\/p>\n\n\n\n<div class=\"wp-block-buttons is-content-justification-center is-layout-flex wp-container-core-buttons-is-layout-16018d1d wp-block-buttons-is-layout-flex\">\n<div class=\"wp-block-button\"><a class=\"wp-block-button__link wp-element-button\" href=\"http:\/\/glssajk.cluster028.hosting.ovh.net\/wp-content\/uploads\/2025\/09\/Echo-des-sauta-rocs-74.pdf\">Echo 74 Nov. 2024<\/a><\/div>\n\n\n\n<div class=\"wp-block-button\"><a class=\"wp-block-button__link wp-element-button\">Echo 73 Mars 2024 <\/a><\/div>\n<\/div>\n<\/div>\n<\/div><\/div>\n\n\n\n<p><\/p>\n","protected":false},"excerpt":{"rendered":"","protected":false},"author":1,"featured_media":0,"parent":0,"menu_order":0,"comment_status":"closed","ping_status":"closed","template":"page-templates\/template-pagebuilder-full-width.php","meta":{"neve_meta_sidebar":"","neve_meta_container":"","neve_meta_enable_content_width":"","neve_meta_content_width":0,"neve_meta_title_alignment":"","neve_meta_author_avatar":"","neve_post_elements_order":"","neve_meta_disable_header":"","neve_meta_disable_footer":"","neve_meta_disable_title":"","_themeisle_gutenberg_block_has_review":false,"footnotes":""},"class_list":["post-401","page","type-page","status-publish","hentry"],"_links":{"self":[{"href":"https:\/\/www.corconne.fr\/index.php\/wp-json\/wp\/v2\/pages\/401","targetHints":{"allow":["GET"]}}],"collection":[{"href":"https:\/\/www.corconne.fr\/index.php\/wp-json\/wp\/v2\/pages"}],"about":[{"href":"https:\/\/www.corconne.fr\/index.php\/wp-json\/wp\/v2\/types\/page"}],"author":[{"embeddable":true,"href":"https:\/\/www.corconne.fr\/index.php\/wp-json\/wp\/v2\/users\/1"}],"replies":[{"embeddable":true,"href":"https:\/\/www.corconne.fr\/index.php\/wp-json\/wp\/v2\/comments?post=401"}],"version-history":[{"count":9,"href":"https:\/\/www.corconne.fr\/index.php\/wp-json\/wp\/v2\/pages\/401\/revisions"}],"predecessor-version":[{"id":493,"href":"https:\/\/www.corconne.fr\/index.php\/wp-json\/wp\/v2\/pages\/401\/revisions\/493"}],"wp:attachment":[{"href":"https:\/\/www.corconne.fr\/index.php\/wp-json\/wp\/v2\/media?parent=401"}],"curies":[{"name":"wp","href":"https:\/\/api.w.org\/{rel}","templated":true}]}}