{"id":328,"date":"2025-09-15T16:16:59","date_gmt":"2025-09-15T14:16:59","guid":{"rendered":"http:\/\/glssajk.cluster028.hosting.ovh.net\/?page_id=328"},"modified":"2026-01-27T16:18:37","modified_gmt":"2026-01-27T15:18:37","slug":"culture-et-vie-associative","status":"publish","type":"page","link":"https:\/\/www.corconne.fr\/index.php\/culture-et-vie-associative\/","title":{"rendered":"Culture et vie associative"},"content":{"rendered":"\n<section id=\"wp-block-themeisle-blocks-advanced-columns-6e7afea9\" class=\"wp-block-themeisle-blocks-advanced-columns alignfull has-1-columns has-desktop-equal-layout has-tablet-equal-layout has-mobile-equal-layout has-vertical-flex-start has-light-bg\"><div class=\"wp-block-themeisle-blocks-advanced-columns-overlay\"><\/div><div class=\"innerblocks-wrap\">\n<div id=\"wp-block-themeisle-blocks-advanced-column-c4b71378\" class=\"wp-block-themeisle-blocks-advanced-column\">\n<section id=\"wp-block-themeisle-blocks-advanced-columns-c9de47f3\" class=\"wp-block-themeisle-blocks-advanced-columns has-2-columns has-desktop-equal-layout has-tablet-equal-layout has-mobile-collapsedRows-layout has-vertical-center\"><div class=\"wp-block-themeisle-blocks-advanced-columns-overlay\"><\/div><div class=\"innerblocks-wrap\">\n<div id=\"wp-block-themeisle-blocks-advanced-column-8efaaa45\" class=\"wp-block-themeisle-blocks-advanced-column\">\n<div id=\"wp-block-themeisle-blocks-advanced-heading-b1a30096\" class=\"wp-block-themeisle-blocks-advanced-heading wp-block-themeisle-blocks-advanced-heading-b1a30096\"><strong>Corconne<\/strong><\/div>\n\n\n\n<h2 class=\"wp-block-heading has-text-align-left has-text-color has-link-color wp-elements-a6c0aaf29bac00b4a16b23816980c44f\" style=\"color:#080808\">Les associations corconnaises<\/h2>\n\n\n\n<p class=\"has-text-align-left has-text-color has-link-color wp-elements-40833a6ed10bb426a612944daad99e61\" style=\"color:#080808\">Vous pourrez retrouver ici les contacts des associations domicili\u00e9es et\/ou oeuvrant sur la commune.<\/p>\n<\/div>\n\n\n\n<div id=\"wp-block-themeisle-blocks-advanced-column-1a3e76e1\" class=\"wp-block-themeisle-blocks-advanced-column\">\n<figure class=\"wp-block-image size-large\"><img loading=\"lazy\" decoding=\"async\" width=\"1024\" height=\"768\" src=\"http:\/\/glssajk.cluster028.hosting.ovh.net\/wp-content\/uploads\/2025\/11\/fete-de-la-musique-2-1024x768.jpg\" alt=\"\" class=\"wp-image-433\" srcset=\"https:\/\/www.corconne.fr\/wp-content\/uploads\/2025\/11\/fete-de-la-musique-2-1024x768.jpg 1024w, https:\/\/www.corconne.fr\/wp-content\/uploads\/2025\/11\/fete-de-la-musique-2-300x225.jpg 300w, https:\/\/www.corconne.fr\/wp-content\/uploads\/2025\/11\/fete-de-la-musique-2-768x576.jpg 768w, https:\/\/www.corconne.fr\/wp-content\/uploads\/2025\/11\/fete-de-la-musique-2-1536x1152.jpg 1536w, https:\/\/www.corconne.fr\/wp-content\/uploads\/2025\/11\/fete-de-la-musique-2-2048x1536.jpg 2048w\" sizes=\"auto, (max-width: 1024px) 100vw, 1024px\" \/><\/figure>\n<\/div>\n<\/div><\/section>\n\n\n\n<section id=\"wp-block-themeisle-blocks-advanced-columns-7631bb9c\" class=\"wp-block-themeisle-blocks-advanced-columns has-4-columns has-desktop-equal-layout has-tablet-twoColumnGrid-layout has-mobile-twoColumnGrid-layout has-vertical-flex-start\"><div class=\"wp-block-themeisle-blocks-advanced-columns-overlay\"><\/div><div class=\"innerblocks-wrap\">\n<div id=\"wp-block-themeisle-blocks-advanced-column-8f7db40c\" class=\"wp-block-themeisle-blocks-advanced-column\">\n<figure class=\"wp-block-image size-large\"><img loading=\"lazy\" decoding=\"async\" width=\"1024\" height=\"768\" src=\"http:\/\/glssajk.cluster028.hosting.ovh.net\/wp-content\/uploads\/2025\/11\/fete-de-la-musique-2-1024x768.jpg\" alt=\"\" class=\"wp-image-433\" srcset=\"https:\/\/www.corconne.fr\/wp-content\/uploads\/2025\/11\/fete-de-la-musique-2-1024x768.jpg 1024w, https:\/\/www.corconne.fr\/wp-content\/uploads\/2025\/11\/fete-de-la-musique-2-300x225.jpg 300w, https:\/\/www.corconne.fr\/wp-content\/uploads\/2025\/11\/fete-de-la-musique-2-768x576.jpg 768w, https:\/\/www.corconne.fr\/wp-content\/uploads\/2025\/11\/fete-de-la-musique-2-1536x1152.jpg 1536w, https:\/\/www.corconne.fr\/wp-content\/uploads\/2025\/11\/fete-de-la-musique-2-2048x1536.jpg 2048w\" sizes=\"auto, (max-width: 1024px) 100vw, 1024px\" \/><\/figure>\n\n\n\n<div style=\"height:16px\" aria-hidden=\"true\" class=\"wp-block-spacer\"><\/div>\n\n\n\n<h3 class=\"wp-block-heading has-text-align-left has-text-color has-link-color wp-elements-5749346a010b21cc871c85d076927e09\" style=\"color:#080808;margin-top:0px\">Association Mosa\u00efque<\/h3>\n\n\n\n<p class=\"has-text-align-left has-text-color has-link-color wp-elements-f22721689a225110aae73abafc2ff079\" style=\"color:#080808\">Contact : <a href=\"https:\/\/www.mosaiquecorconne.fr\/\">https:\/\/www.mosaiquecorconne.fr\/<\/a>  <a href=\"mailto:mosaique@mosaiquecorconne.fr\">mosaique@mosaiquecorconne.fr<\/a><\/p>\n<\/div>\n\n\n\n<div id=\"wp-block-themeisle-blocks-advanced-column-d6cd11b2\" class=\"wp-block-themeisle-blocks-advanced-column\">\n<figure class=\"wp-block-image size-large\"><img loading=\"lazy\" decoding=\"async\" width=\"1024\" height=\"771\" src=\"https:\/\/www.corconne.fr\/wp-content\/uploads\/2026\/01\/PXL_20250624_154538732-1024x771.jpg\" alt=\"\" class=\"wp-image-502\" srcset=\"https:\/\/www.corconne.fr\/wp-content\/uploads\/2026\/01\/PXL_20250624_154538732-1024x771.jpg 1024w, https:\/\/www.corconne.fr\/wp-content\/uploads\/2026\/01\/PXL_20250624_154538732-300x226.jpg 300w, https:\/\/www.corconne.fr\/wp-content\/uploads\/2026\/01\/PXL_20250624_154538732-768x578.jpg 768w, https:\/\/www.corconne.fr\/wp-content\/uploads\/2026\/01\/PXL_20250624_154538732-1536x1157.jpg 1536w, https:\/\/www.corconne.fr\/wp-content\/uploads\/2026\/01\/PXL_20250624_154538732-2048x1542.jpg 2048w\" sizes=\"auto, (max-width: 1024px) 100vw, 1024px\" \/><\/figure>\n\n\n\n<div style=\"height:16px\" aria-hidden=\"true\" class=\"wp-block-spacer\"><\/div>\n\n\n\n<h3 class=\"wp-block-heading has-text-align-left has-text-color has-link-color wp-elements-6f4e47b528f2c5af59599a2722843cd7\" style=\"color:#080808;margin-top:0px\">Association des Parents d&rsquo;El\u00e8ves (APE)<\/h3>\n\n\n\n<p class=\"has-text-align-left has-text-color has-link-color wp-elements-473f079bebb96855af5cfcc63ac16b21\" style=\"color:#080808\">Contact : <a href=\"mailto:ape.bcc@gmail.com\">ape.bcc@gmail.com<\/a> 0677953934<\/p>\n<\/div>\n\n\n\n<div id=\"wp-block-themeisle-blocks-advanced-column-a02e1a90\" class=\"wp-block-themeisle-blocks-advanced-column\">\n<figure class=\"wp-block-image size-large\"><img loading=\"lazy\" decoding=\"async\" width=\"1024\" height=\"768\" src=\"http:\/\/glssajk.cluster028.hosting.ovh.net\/wp-content\/uploads\/2025\/11\/fete-de-la-musique-2-1024x768.jpg\" alt=\"\" class=\"wp-image-433\" srcset=\"https:\/\/www.corconne.fr\/wp-content\/uploads\/2025\/11\/fete-de-la-musique-2-1024x768.jpg 1024w, https:\/\/www.corconne.fr\/wp-content\/uploads\/2025\/11\/fete-de-la-musique-2-300x225.jpg 300w, https:\/\/www.corconne.fr\/wp-content\/uploads\/2025\/11\/fete-de-la-musique-2-768x576.jpg 768w, https:\/\/www.corconne.fr\/wp-content\/uploads\/2025\/11\/fete-de-la-musique-2-1536x1152.jpg 1536w, https:\/\/www.corconne.fr\/wp-content\/uploads\/2025\/11\/fete-de-la-musique-2-2048x1536.jpg 2048w\" sizes=\"auto, (max-width: 1024px) 100vw, 1024px\" \/><\/figure>\n\n\n\n<div style=\"height:16px\" aria-hidden=\"true\" class=\"wp-block-spacer\"><\/div>\n\n\n\n<h3 class=\"wp-block-heading has-text-align-left has-text-color has-link-color wp-elements-b1b63aefcd1b580f89e4b5f409eaa5c8\" style=\"color:#080808;margin-top:0px\">Comit\u00e9 des f\u00eates<\/h3>\n\n\n\n<p class=\"has-text-align-left has-text-color has-link-color wp-elements-0fdab11fb0ad68fd22572cb992799d5f\" style=\"color:#080808\">Contact : <\/p>\n<\/div>\n\n\n\n<div id=\"wp-block-themeisle-blocks-advanced-column-0b2dc598\" class=\"wp-block-themeisle-blocks-advanced-column\">\n<figure class=\"wp-block-image size-large is-resized\"><img loading=\"lazy\" decoding=\"async\" width=\"1024\" height=\"418\" src=\"https:\/\/www.corconne.fr\/wp-content\/uploads\/2026\/01\/Lou-castelas-1024x418.png\" alt=\"\" class=\"wp-image-503\" style=\"aspect-ratio:2.449969678593087;width:207px;height:auto\" srcset=\"https:\/\/www.corconne.fr\/wp-content\/uploads\/2026\/01\/Lou-castelas-1024x418.png 1024w, https:\/\/www.corconne.fr\/wp-content\/uploads\/2026\/01\/Lou-castelas-300x122.png 300w, https:\/\/www.corconne.fr\/wp-content\/uploads\/2026\/01\/Lou-castelas-768x313.png 768w, https:\/\/www.corconne.fr\/wp-content\/uploads\/2026\/01\/Lou-castelas.png 1226w\" sizes=\"auto, (max-width: 1024px) 100vw, 1024px\" \/><\/figure>\n\n\n\n<div style=\"height:16px\" aria-hidden=\"true\" class=\"wp-block-spacer\"><\/div>\n\n\n\n<h3 class=\"wp-block-heading has-text-align-left has-text-color has-link-color wp-elements-2351edb4e06c1c1678ef266b7ca13fba\" style=\"color:#080808;margin-top:0px\">Lou Castellas<\/h3>\n\n\n\n<p class=\"has-text-align-left has-text-color has-link-color wp-elements-e22413422a72f6a8246f4baef1ada933\" style=\"color:#080808\">Contact : Contact : CORTESE Emilie, CAUDERLIER Jules, ROLLAND Luc, BOMBEECK V\u00e9ronique<\/p>\n<\/div>\n<\/div><\/section>\n\n\n\n<section id=\"wp-block-themeisle-blocks-advanced-columns-190f4358\" class=\"wp-block-themeisle-blocks-advanced-columns has-4-columns has-desktop-equal-layout has-tablet-twoColumnGrid-layout has-mobile-twoColumnGrid-layout has-vertical-flex-start\"><div class=\"wp-block-themeisle-blocks-advanced-columns-overlay\"><\/div><div class=\"innerblocks-wrap\">\n<div id=\"wp-block-themeisle-blocks-advanced-column-439963b5\" class=\"wp-block-themeisle-blocks-advanced-column\">\n<figure class=\"wp-block-image size-full\"><img loading=\"lazy\" decoding=\"async\" width=\"689\" height=\"516\" src=\"https:\/\/www.corconne.fr\/wp-content\/uploads\/2026\/01\/QQAH.jpg\" alt=\"\" class=\"wp-image-499\" srcset=\"https:\/\/www.corconne.fr\/wp-content\/uploads\/2026\/01\/QQAH.jpg 689w, https:\/\/www.corconne.fr\/wp-content\/uploads\/2026\/01\/QQAH-300x225.jpg 300w\" sizes=\"auto, (max-width: 689px) 100vw, 689px\" \/><\/figure>\n\n\n\n<div style=\"height:16px\" aria-hidden=\"true\" class=\"wp-block-spacer\"><\/div>\n\n\n\n<h3 class=\"wp-block-heading has-text-align-left has-text-color has-link-color wp-elements-f079375784201bf4f007dfa63cd171c8\" style=\"color:#080808;margin-top:0px\">Quelques heures au hasard<\/h3>\n\n\n\n<p class=\"has-text-align-left has-text-color has-link-color wp-elements-f69819d4adcfde7851c855faedfbd22c\" style=\"color:#080808\">Contact : <a href=\"mailto:quelquesheuresauhasard@gmail.com\" target=\"_blank\" rel=\"noreferrer noopener\">quelquesheuresauhasard@gmail.com<\/a> 06 50 81 35 20<\/p>\n<\/div>\n\n\n\n<div id=\"wp-block-themeisle-blocks-advanced-column-a00f98c9\" class=\"wp-block-themeisle-blocks-advanced-column\">\n<figure class=\"wp-block-image size-full\"><img loading=\"lazy\" decoding=\"async\" width=\"504\" height=\"378\" src=\"https:\/\/www.corconne.fr\/wp-content\/uploads\/2026\/01\/JR1-edited.jpg\" alt=\"\" class=\"wp-image-501\" style=\"aspect-ratio:1.3333053761637172\" srcset=\"https:\/\/www.corconne.fr\/wp-content\/uploads\/2026\/01\/JR1-edited.jpg 504w, https:\/\/www.corconne.fr\/wp-content\/uploads\/2026\/01\/JR1-edited-300x225.jpg 300w\" sizes=\"auto, (max-width: 504px) 100vw, 504px\" \/><\/figure>\n\n\n\n<div style=\"height:16px\" aria-hidden=\"true\" class=\"wp-block-spacer\"><\/div>\n\n\n\n<h3 class=\"wp-block-heading has-text-align-left has-text-color has-link-color wp-elements-5d3d126982e07820f2f7e7c41049795a\" style=\"color:#080808;margin-top:0px\">Les Respounchous<\/h3>\n\n\n\n<p class=\"has-text-align-left has-text-color has-link-color wp-elements-5a6b1e3eed3a44c48ffe5fa41237c304\" style=\"color:#080808\">Contact : <a href=\"mailto:jardin.respounchous@gmail.com\">jardin.respounchous@gmail.com<\/a><\/p>\n<\/div>\n\n\n\n<div id=\"wp-block-themeisle-blocks-advanced-column-8f923b76\" class=\"wp-block-themeisle-blocks-advanced-column\"><div class=\"wp-block-image\">\n<figure class=\"alignleft size-full is-resized\"><img loading=\"lazy\" decoding=\"async\" width=\"800\" height=\"600\" src=\"http:\/\/glssajk.cluster028.hosting.ovh.net\/wp-content\/uploads\/2025\/11\/Vivre-avec-son-temps.jpg\" alt=\"\" class=\"wp-image-452\" style=\"width:240px;height:auto\" srcset=\"https:\/\/www.corconne.fr\/wp-content\/uploads\/2025\/11\/Vivre-avec-son-temps.jpg 800w, https:\/\/www.corconne.fr\/wp-content\/uploads\/2025\/11\/Vivre-avec-son-temps-300x225.jpg 300w, https:\/\/www.corconne.fr\/wp-content\/uploads\/2025\/11\/Vivre-avec-son-temps-768x576.jpg 768w\" sizes=\"auto, (max-width: 800px) 100vw, 800px\" \/><\/figure>\n<\/div>\n\n\n<div style=\"height:16px\" aria-hidden=\"true\" class=\"wp-block-spacer\"><\/div>\n\n\n\n<h3 class=\"wp-block-heading has-text-align-left has-text-color has-link-color wp-elements-dfd776c8a67bf8ed0ff1dbd1470f14e0\" style=\"color:#080808;margin-top:0px\">Vivre avec son temps<\/h3>\n\n\n\n<p class=\"has-text-align-left has-text-color has-link-color wp-elements-213242fa8481d0a7b72eaf21f4daa253\" style=\"color:#080808\">Contact : Carlos Sanchez, animateur EHPAD de Corconne au 0466771818 ou 0682241958<\/p>\n<\/div>\n\n\n\n<div id=\"wp-block-themeisle-blocks-advanced-column-baa78fe7\" class=\"wp-block-themeisle-blocks-advanced-column\"><div class=\"wp-block-image\">\n<figure class=\"alignleft size-full is-resized\"><img loading=\"lazy\" decoding=\"async\" width=\"1256\" height=\"706\" src=\"https:\/\/www.corconne.fr\/wp-content\/uploads\/2026\/01\/30arts.jpg\" alt=\"\" class=\"wp-image-496\" style=\"aspect-ratio:1.779191894229581;width:209px;height:auto\" srcset=\"https:\/\/www.corconne.fr\/wp-content\/uploads\/2026\/01\/30arts.jpg 1256w, https:\/\/www.corconne.fr\/wp-content\/uploads\/2026\/01\/30arts-300x169.jpg 300w, https:\/\/www.corconne.fr\/wp-content\/uploads\/2026\/01\/30arts-1024x576.jpg 1024w, https:\/\/www.corconne.fr\/wp-content\/uploads\/2026\/01\/30arts-768x432.jpg 768w\" sizes=\"auto, (max-width: 1256px) 100vw, 1256px\" \/><\/figure>\n<\/div>\n\n\n<div style=\"height:16px\" aria-hidden=\"true\" class=\"wp-block-spacer\"><\/div>\n\n\n\n<h3 class=\"wp-block-heading has-text-align-left has-text-color has-link-color wp-elements-0d74e1feb6a0171a0eced29805dda62d\" style=\"color:#080808;margin-top:0px\">Trente arts<\/h3>\n\n\n\n<p class=\"has-text-align-left has-text-color has-link-color wp-elements-e70f527056fecb0aaac58104abcdcacc\" style=\"color:#080808\">Contact : <a href=\"https:\/\/www.laparcellecorconne.fr\/\">https:\/\/www.laparcellecorconne.fr\/<\/a><\/p>\n\n\n\n<p class=\"has-text-align-left has-text-color has-link-color wp-elements-d358d8f64df51e7fe3034fd4125159df\" style=\"color:#080808\">&nbsp;<a href=\"mailto:associationtrentearts@gmail.com\" target=\"_blank\" rel=\"noreferrer noopener\">associationtrentearts@gmail.com<\/a><br>&nbsp;06 20 18 80 98&nbsp;<\/p>\n\n\n\n<p class=\"has-text-align-left has-text-color has-link-color wp-elements-d64826ef634cafa19a0c81096893d0c1\" style=\"color:#080808\"><\/p>\n\n\n\n<p class=\"has-text-align-left has-text-color has-link-color wp-elements-d64826ef634cafa19a0c81096893d0c1\" style=\"color:#080808\"><\/p>\n<\/div>\n<\/div><\/section>\n<\/div>\n<\/div><\/section>\n\n\n\n<section id=\"wp-block-themeisle-blocks-advanced-columns-6013fee3\" class=\"wp-block-themeisle-blocks-advanced-columns alignfull has-1-columns has-desktop-equal-layout has-tablet-equal-layout has-mobile-equal-layout has-vertical-flex-start has-light-bg\"><div class=\"wp-block-themeisle-blocks-advanced-columns-overlay\"><\/div><div class=\"innerblocks-wrap\">\n<div id=\"wp-block-themeisle-blocks-advanced-column-1a42e736\" class=\"wp-block-themeisle-blocks-advanced-column\">\n<h3 class=\"wp-block-heading has-text-align-center has-text-color has-link-color wp-elements-2631d11a76714cd769da781b7e2a4fff\" style=\"color:#2e3433\">Soci\u00e9t\u00e9s de chasse<\/h3>\n\n\n\n<div id=\"wp-block-themeisle-blocks-advanced-columns-0bb7583b\" class=\"wp-block-themeisle-blocks-advanced-columns has-2-columns has-desktop-equal-layout has-tablet-equal-layout has-mobile-collapsedRows-layout has-vertical-unset\"><div class=\"wp-block-themeisle-blocks-advanced-columns-overlay\"><\/div><div class=\"innerblocks-wrap\">\n<div id=\"wp-block-themeisle-blocks-advanced-column-4d93804f\" class=\"wp-block-themeisle-blocks-advanced-column\">\n<p class=\"has-text-align-center\"><strong>Petit Gibier<\/strong><\/p>\n\n\n\n<p class=\"has-text-align-center\">D\u00e9veloppement du gibier, sa protection, son repeuplement.<br>Pr\u00e9sident : J\u00e9r\u00e9my LOPEZ &#8211; T\u00e9l : 07 51 62 20 81<\/p>\n<\/div>\n\n\n\n<div id=\"wp-block-themeisle-blocks-advanced-column-c7143cf8\" class=\"wp-block-themeisle-blocks-advanced-column\">\n<div id=\"wp-block-themeisle-blocks-advanced-columns-5fc32da0\" class=\"wp-block-themeisle-blocks-advanced-columns has-1-columns has-desktop-equal-layout has-tablet-equal-layout has-mobile-equal-layout has-vertical-unset\"><div class=\"wp-block-themeisle-blocks-advanced-columns-overlay\"><\/div><div class=\"innerblocks-wrap\">\n<div id=\"wp-block-themeisle-blocks-advanced-column-fcdb8cb8\" class=\"wp-block-themeisle-blocks-advanced-column\">\n<p class=\"has-text-align-center\"><strong>Gros gibier<\/strong><\/p>\n\n\n\n<p class=\"has-text-align-center\">L\u2019association \u00ab Gros Gibier \u00bb regroupe 3 communes Claret, Corconne et Brouzet-Les-Quissac. Elle a pour but de r\u00e9guler les animaux sauvages (sangliers et chevreuils) lors des battues organis\u00e9es dans le bois de ces trois<br>communes ainsi que certains bois priv\u00e9s dont l\u2019association d\u00e9tient les baux de<br>chasses. Pr\u00e9sident : ATGER Hugo &#8211; T\u00e9l : 06 77 49 80 11<\/p>\n<\/div>\n<\/div><\/div>\n<\/div>\n<\/div><\/div>\n<\/div>\n<\/div><\/section>\n","protected":false},"excerpt":{"rendered":"","protected":false},"author":1,"featured_media":0,"parent":0,"menu_order":0,"comment_status":"closed","ping_status":"closed","template":"","meta":{"neve_meta_sidebar":"","neve_meta_container":"","neve_meta_enable_content_width":"","neve_meta_content_width":0,"neve_meta_title_alignment":"","neve_meta_author_avatar":"","neve_post_elements_order":"","neve_meta_disable_header":"","neve_meta_disable_footer":"","neve_meta_disable_title":"","_themeisle_gutenberg_block_has_review":false,"footnotes":""},"class_list":["post-328","page","type-page","status-publish","hentry"],"_links":{"self":[{"href":"https:\/\/www.corconne.fr\/index.php\/wp-json\/wp\/v2\/pages\/328","targetHints":{"allow":["GET"]}}],"collection":[{"href":"https:\/\/www.corconne.fr\/index.php\/wp-json\/wp\/v2\/pages"}],"about":[{"href":"https:\/\/www.corconne.fr\/index.php\/wp-json\/wp\/v2\/types\/page"}],"author":[{"embeddable":true,"href":"https:\/\/www.corconne.fr\/index.php\/wp-json\/wp\/v2\/users\/1"}],"replies":[{"embeddable":true,"href":"https:\/\/www.corconne.fr\/index.php\/wp-json\/wp\/v2\/comments?post=328"}],"version-history":[{"count":15,"href":"https:\/\/www.corconne.fr\/index.php\/wp-json\/wp\/v2\/pages\/328\/revisions"}],"predecessor-version":[{"id":524,"href":"https:\/\/www.corconne.fr\/index.php\/wp-json\/wp\/v2\/pages\/328\/revisions\/524"}],"wp:attachment":[{"href":"https:\/\/www.corconne.fr\/index.php\/wp-json\/wp\/v2\/media?parent=328"}],"curies":[{"name":"wp","href":"https:\/\/api.w.org\/{rel}","templated":true}]}}