{"id":262,"date":"2025-03-12T09:20:47","date_gmt":"2025-03-12T08:20:47","guid":{"rendered":"http:\/\/glssajk.cluster028.hosting.ovh.net\/?page_id=262"},"modified":"2026-04-03T11:53:17","modified_gmt":"2026-04-03T09:53:17","slug":"conseil-municipal","status":"publish","type":"page","link":"https:\/\/www.corconne.fr\/index.php\/conseil-municipal\/","title":{"rendered":"Conseil Municipal"},"content":{"rendered":"\n<section id=\"wp-block-themeisle-blocks-advanced-columns-335a2f03\" class=\"wp-block-themeisle-blocks-advanced-columns has-1-columns has-desktop-equal-layout has-tablet-equal-layout has-mobile-equal-layout has-vertical-flex-start\"><div class=\"wp-block-themeisle-blocks-advanced-columns-overlay\"><\/div><div class=\"innerblocks-wrap\">\n<div id=\"wp-block-themeisle-blocks-advanced-column-5d90343f\" class=\"wp-block-themeisle-blocks-advanced-column\">\n<section id=\"wp-block-themeisle-blocks-advanced-columns-b2ead1d6\" class=\"wp-block-themeisle-blocks-advanced-columns has-2-columns has-desktop-equal-layout has-tablet-equal-layout has-mobile-collapsedRows-layout has-vertical-center\"><div class=\"wp-block-themeisle-blocks-advanced-columns-overlay\"><\/div><div class=\"innerblocks-wrap\">\n<div id=\"wp-block-themeisle-blocks-advanced-column-7c705a1c\" class=\"wp-block-themeisle-blocks-advanced-column\">\n<div id=\"wp-block-themeisle-blocks-advanced-heading-ea5e7576\" class=\"wp-block-themeisle-blocks-advanced-heading wp-block-themeisle-blocks-advanced-heading-ea5e7576\"><strong>Conseil municipal de corconne<\/strong><\/div>\n\n\n\n<h2 class=\"wp-block-heading\">Les Elus<\/h2>\n\n\n\n<p>Le Conseil Municipal est compos\u00e9 de 15 personnes \u00e9lues le 15 Mars 2020.<\/p>\n<\/div>\n\n\n\n<div id=\"wp-block-themeisle-blocks-advanced-column-5f9a9ec0\" class=\"wp-block-themeisle-blocks-advanced-column\">\n<figure class=\"wp-block-image size-full\"><img loading=\"lazy\" decoding=\"async\" width=\"2560\" height=\"1330\" src=\"http:\/\/glssajk.cluster028.hosting.ovh.net\/wp-content\/uploads\/2025\/03\/Conseil-municipal-1-reduite-scaled.jpg\" alt=\"\" class=\"wp-image-263\" srcset=\"https:\/\/www.corconne.fr\/wp-content\/uploads\/2025\/03\/Conseil-municipal-1-reduite-scaled.jpg 2560w, https:\/\/www.corconne.fr\/wp-content\/uploads\/2025\/03\/Conseil-municipal-1-reduite-300x156.jpg 300w, https:\/\/www.corconne.fr\/wp-content\/uploads\/2025\/03\/Conseil-municipal-1-reduite-1024x532.jpg 1024w, https:\/\/www.corconne.fr\/wp-content\/uploads\/2025\/03\/Conseil-municipal-1-reduite-768x399.jpg 768w, https:\/\/www.corconne.fr\/wp-content\/uploads\/2025\/03\/Conseil-municipal-1-reduite-1536x798.jpg 1536w, https:\/\/www.corconne.fr\/wp-content\/uploads\/2025\/03\/Conseil-municipal-1-reduite-2048x1064.jpg 2048w\" sizes=\"auto, (max-width: 2560px) 100vw, 2560px\" \/><\/figure>\n<\/div>\n<\/div><\/section>\n<\/div>\n<\/div><\/section>\n\n\n\n<p><strong>Lionel JEAN<\/strong>, Maire, Vice Pr\u00e9sident de la Communaut\u00e9 de Communes du Pi\u00e9mont C\u00e9venol<\/p>\n\n\n\n<ul class=\"wp-block-list\">\n<li><strong>Les Adjoints<\/strong>\n<ul class=\"wp-block-list\">\n<li><strong>Philippe DE TOLEDO<\/strong>, Pr\u00e9sident du SIRP Brouzet-Carnas-Corconne, Rue de l\u2019Eglise<\/li>\n\n\n\n<li><strong>Bernard GUYEZ,<\/strong>&nbsp;Pr\u00e9sident du SIAEP Corconne -Liouc-Brouzet, Vallon des Collets<\/li>\n\n\n\n<li><strong>Richard LOPEZ<\/strong>, Rue de l\u2019Eglise<\/li>\n\n\n\n<li><strong>Evelyne LOPEZ<\/strong>, Chemin de la Vialatte<\/li>\n<\/ul>\n<\/li>\n\n\n\n<li><strong>Les Conseill\u00e8res et Conseillers Municipaux<\/strong>\n<ul class=\"wp-block-list\">\n<li><strong>Marie Claude BEGUINOT<\/strong>, Quartier Haut<\/li>\n\n\n\n<li><strong>Anne-Marie BERTHET,<\/strong>&nbsp;Les Rabassi\u00e8res<\/li>\n\n\n\n<li>Feu <strong>Bernard BOUYS<\/strong><\/li>\n\n\n\n<li><strong>Fr\u00e9d\u00e9ric BRUGEL<\/strong>, Chemin de Mailhac<\/li>\n\n\n\n<li><strong>Marie-Christine CESARIN<\/strong>, Chemin des Charbonniers<\/li>\n\n\n\n<li><strong>Sylvie DAL DEGAN,<\/strong>&nbsp;Chemin de la Gravette<\/li>\n\n\n\n<li><strong>Jade FALGUIERE,<\/strong>&nbsp;Place du Ch\u00e2teau<\/li>\n\n\n\n<li><strong>Laurie AIGOIN<\/strong>, Chemin de la Gravette<\/li>\n\n\n\n<li><strong>Thierry RENAUD<\/strong>&nbsp;Grand Rue<\/li>\n\n\n\n<li><strong>Micha\u00ebl SEVERAN<\/strong>, Pr\u00e9sident du Syndicat de D\u00e9fense Contre l\u2019Incendie, Rue Verte<\/li>\n<\/ul>\n<\/li>\n<\/ul>\n\n\n\n<p><strong>Les commissions communales sont pr\u00e9sid\u00e9es par le maire et anim\u00e9es par les conseillers.\u00e8res indiqu\u00e9.e.s en gras<\/strong> :<\/p>\n\n\n\n<div id=\"wp-block-themeisle-blocks-advanced-columns-ce0fcab6\" class=\"wp-block-themeisle-blocks-advanced-columns has-1-columns has-desktop-equal-layout has-tablet-equal-layout has-mobile-equal-layout has-vertical-unset\"><div class=\"wp-block-themeisle-blocks-advanced-columns-overlay\"><\/div><div class=\"innerblocks-wrap\">\n<div id=\"wp-block-themeisle-blocks-advanced-column-fbc3d86b\" class=\"wp-block-themeisle-blocks-advanced-column\">\n<div id=\"wp-block-themeisle-blocks-accordion-0dee7c74\" class=\"wp-block-themeisle-blocks-accordion exclusive\">\n<details class=\"wp-block-themeisle-blocks-accordion-item\"><summary class=\"wp-block-themeisle-blocks-accordion-item__title\"><div><strong>Am\u00e9nagement paysager<\/strong><\/div><\/summary><div class=\"wp-block-themeisle-blocks-accordion-item__content\">\n<p><strong>Marie-Christine CESARIN<\/strong>, Marie-Claude BEGUINOT, Jade FALGUIERE, Laurie MAILHAC<\/p>\n<\/div><\/details>\n\n\n\n<details class=\"wp-block-themeisle-blocks-accordion-item\"><summary class=\"wp-block-themeisle-blocks-accordion-item__title\"><div><strong>Associations \/ festivit\u00e9s<\/strong><\/div><\/summary><div class=\"wp-block-themeisle-blocks-accordion-item__content\">\n<p><strong>Evelyne LOPEZ<\/strong>, Anne-Marie BERTHET, Marie-Claude BEGUINOT, Marie-Christine CESARIN, Philippe de TOLEDO<\/p>\n<\/div><\/details>\n\n\n\n<details class=\"wp-block-themeisle-blocks-accordion-item\"><summary class=\"wp-block-themeisle-blocks-accordion-item__title\"><div><strong>Action Sociale (CCAS)<\/strong><\/div><\/summary><div class=\"wp-block-themeisle-blocks-accordion-item__content\">\n<p><strong>Evelyne LOPEZ<\/strong>, Marie-Claude BEGUINOT, Richard LOPEZ<\/p>\n\n\n\n<p>Membres extra-communaux : Guilhem BOUIS, Danielle PARYS, Daniel PARYS, Claudine VERDIER<\/p>\n<\/div><\/details>\n\n\n\n<details class=\"wp-block-themeisle-blocks-accordion-item\"><summary class=\"wp-block-themeisle-blocks-accordion-item__title\"><div><strong>Communication<\/strong><\/div><\/summary><div class=\"wp-block-themeisle-blocks-accordion-item__content\">\n<p><strong>Richard LOPEZ<\/strong>, Fr\u00e9d\u00e9ric BRUGEL, Philippe de TOLEDO, Jade FALGUIERE, Laurie MAILHAC<\/p>\n<\/div><\/details>\n\n\n\n<details class=\"wp-block-themeisle-blocks-accordion-item\"><summary class=\"wp-block-themeisle-blocks-accordion-item__title\"><div><strong>Environnement<\/strong><\/div><\/summary><div class=\"wp-block-themeisle-blocks-accordion-item__content\">\n<p><strong>Anne-Marie BERTHET<\/strong>, Fr\u00e9d\u00e9ric BRUGEL, Marie-Christine CESARIN, Sylvie DAL DEGAN, Thierry RENAUD<\/p>\n<\/div><\/details>\n\n\n\n<details class=\"wp-block-themeisle-blocks-accordion-item\"><summary class=\"wp-block-themeisle-blocks-accordion-item__title\"><div><strong>Finances<\/strong><\/div><\/summary><div class=\"wp-block-themeisle-blocks-accordion-item__content\">\n<p><strong>Philippe de TOLEDO<\/strong>, Sylvie DAL DEGAN, Bernard GUYEZ, Richard LOPEZ, Thierry RENAUD<\/p>\n<\/div><\/details>\n\n\n\n<details class=\"wp-block-themeisle-blocks-accordion-item\"><summary class=\"wp-block-themeisle-blocks-accordion-item__title\"><div><strong>Personnel<\/strong><\/div><\/summary><div class=\"wp-block-themeisle-blocks-accordion-item__content\">\n<p><strong>Richard LOPEZ<\/strong>, Marie-Christine CESARIN, Bernard GUYEZ, Evelyne LOPEZ<\/p>\n<\/div><\/details>\n\n\n\n<details class=\"wp-block-themeisle-blocks-accordion-item\"><summary class=\"wp-block-themeisle-blocks-accordion-item__title\"><div><strong>Pr\u00e9vention des risques<\/strong><\/div><\/summary><div class=\"wp-block-themeisle-blocks-accordion-item__content\">\n<p><strong>Fr\u00e9deric BRUGEL<\/strong>, Evelyne LOPEZ, Laurie MAILHAC, Micha\u00ebl SEVERAN<\/p>\n<\/div><\/details>\n\n\n\n<details class=\"wp-block-themeisle-blocks-accordion-item\"><summary class=\"wp-block-themeisle-blocks-accordion-item__title\"><div><strong>Travaux Voirie et B\u00e2timents<\/strong><\/div><\/summary><div class=\"wp-block-themeisle-blocks-accordion-item__content\">\n<p><strong>Bernard GUYEZ<\/strong>, Fr\u00e9d\u00e9ric BRUGEL, Marie-Christine CESARIN, Sylvie DAL DEGAN, Philippe de TOLEDO, Thierry RENAUD<\/p>\n<\/div><\/details>\n\n\n\n<details class=\"wp-block-themeisle-blocks-accordion-item\"><summary class=\"wp-block-themeisle-blocks-accordion-item__title\"><div><strong>Urbanisme<\/strong><\/div><\/summary><div class=\"wp-block-themeisle-blocks-accordion-item__content\">\n<p><strong>Lionel JEAN<\/strong>, Anne-Marie BERTHET, Fr\u00e9d\u00e9ric BRUGEL, Philippe de TOLEDO, Jade FALGUIERE, Bernard GUYEZ, Laurie MAILHAC, Micha\u00ebl SEVERAN<\/p>\n<\/div><\/details>\n<\/div>\n<\/div>\n<\/div><\/div>\n","protected":false},"excerpt":{"rendered":"<p>Lionel JEAN, Maire, Vice Pr\u00e9sident de la Communaut\u00e9 de Communes du Pi\u00e9mont C\u00e9venol Les commissions communales sont pr\u00e9sid\u00e9es par le maire et anim\u00e9es par les conseillers.\u00e8res indiqu\u00e9.e.s en gras :<\/p>\n","protected":false},"author":1,"featured_media":0,"parent":0,"menu_order":0,"comment_status":"closed","ping_status":"closed","template":"","meta":{"neve_meta_sidebar":"","neve_meta_container":"","neve_meta_enable_content_width":"","neve_meta_content_width":0,"neve_meta_title_alignment":"","neve_meta_author_avatar":"","neve_post_elements_order":"","neve_meta_disable_header":"","neve_meta_disable_footer":"","neve_meta_disable_title":"","_themeisle_gutenberg_block_has_review":false,"footnotes":""},"class_list":["post-262","page","type-page","status-publish","hentry"],"_links":{"self":[{"href":"https:\/\/www.corconne.fr\/index.php\/wp-json\/wp\/v2\/pages\/262","targetHints":{"allow":["GET"]}}],"collection":[{"href":"https:\/\/www.corconne.fr\/index.php\/wp-json\/wp\/v2\/pages"}],"about":[{"href":"https:\/\/www.corconne.fr\/index.php\/wp-json\/wp\/v2\/types\/page"}],"author":[{"embeddable":true,"href":"https:\/\/www.corconne.fr\/index.php\/wp-json\/wp\/v2\/users\/1"}],"replies":[{"embeddable":true,"href":"https:\/\/www.corconne.fr\/index.php\/wp-json\/wp\/v2\/comments?post=262"}],"version-history":[{"count":12,"href":"https:\/\/www.corconne.fr\/index.php\/wp-json\/wp\/v2\/pages\/262\/revisions"}],"predecessor-version":[{"id":530,"href":"https:\/\/www.corconne.fr\/index.php\/wp-json\/wp\/v2\/pages\/262\/revisions\/530"}],"wp:attachment":[{"href":"https:\/\/www.corconne.fr\/index.php\/wp-json\/wp\/v2\/media?parent=262"}],"curies":[{"name":"wp","href":"https:\/\/api.w.org\/{rel}","templated":true}]}}