{"id":109,"date":"2020-05-17T19:36:50","date_gmt":"2020-05-17T19:36:50","guid":{"rendered":"https:\/\/demosites.io\/yoga-studio-gb\/?page_id=109"},"modified":"2026-01-27T16:38:42","modified_gmt":"2026-01-27T15:38:42","slug":"84647-classes","status":"publish","type":"page","link":"https:\/\/www.corconne.fr\/index.php\/84647-classes\/","title":{"rendered":"Services municipaux"},"content":{"rendered":"\n<div id=\"wp-block-themeisle-blocks-advanced-columns-de58857b\" class=\"wp-block-themeisle-blocks-advanced-columns alignfull has-1-columns has-desktop-equal-layout has-tablet-equal-layout has-mobile-equal-layout has-vertical-unset\"><div class=\"wp-block-themeisle-blocks-advanced-columns-overlay\"><\/div><div class=\"innerblocks-wrap\">\n<div id=\"wp-block-themeisle-blocks-advanced-column-f2953736\" class=\"wp-block-themeisle-blocks-advanced-column\">\n<h1 id=\"wp-block-themeisle-blocks-advanced-heading-7665c6b9\" class=\"wp-block-themeisle-blocks-advanced-heading wp-block-themeisle-blocks-advanced-heading-7665c6b9\">Services municipaux<\/h1>\n<\/div>\n<\/div><\/div>\n\n\n\n<div class=\"wp-block-columns is-layout-flex wp-container-core-columns-is-layout-9d6595d7 wp-block-columns-is-layout-flex\">\n<div class=\"wp-block-column is-layout-flow wp-block-column-is-layout-flow\" style=\"flex-basis:100%\"><\/div>\n<\/div>\n\n\n\n<div id=\"wp-block-themeisle-blocks-advanced-columns-e791a706\" class=\"wp-block-themeisle-blocks-advanced-columns alignfull has-2-columns has-desktop-equal-layout has-tablet-equal-layout has-mobile-collapsedRows-layout has-vertical-unset has-light-bg\"><div class=\"wp-block-themeisle-blocks-advanced-columns-overlay\"><\/div><div class=\"innerblocks-wrap\">\n<div id=\"wp-block-themeisle-blocks-advanced-column-7d6af005\" class=\"wp-block-themeisle-blocks-advanced-column\">\n<div style=\"height:300px\" aria-hidden=\"true\" class=\"wp-block-spacer\"><\/div>\n<\/div>\n\n\n\n<div id=\"wp-block-themeisle-blocks-advanced-column-6ffd9acd\" class=\"wp-block-themeisle-blocks-advanced-column has-light-bg\">\n<h2 class=\"wp-block-heading has-text-align-center\">Secr\u00e9tariat de Mairie<\/h2>\n\n\n\n<div id=\"wp-block-themeisle-blocks-advanced-columns-81a52adf\" class=\"wp-block-themeisle-blocks-advanced-columns has-1-columns has-desktop-equal-layout has-tablet-equal-layout has-mobile-equal-layout has-vertical-unset\"><div class=\"wp-block-themeisle-blocks-advanced-columns-overlay\"><\/div><div class=\"innerblocks-wrap\">\n<div id=\"wp-block-themeisle-blocks-advanced-column-83a6423d\" class=\"wp-block-themeisle-blocks-advanced-column\"><\/div>\n<\/div><\/div>\n\n\n\n<p class=\"has-text-align-center\">Le Secr\u00e9tariat de Mairie est ouvert au public le lundi et le jeudi de&nbsp;<strong>9h \u00e0 12h<\/strong>&nbsp;et de&nbsp;<strong>16h \u00e0 19h<\/strong>, le mardi et le vendredi de&nbsp;<strong>9h \u00e0 12h.<\/strong><\/p>\n\n\n\n<p class=\"has-text-align-center\">Le secr\u00e9tariat est joignable au&nbsp;<strong>04 66 77 32 57<\/strong>&nbsp;ou par mail \u00e0&nbsp;<a href=\"mailto:corconne@wanadoo.fr\">corconne@wanadoo.fr<\/a><\/p>\n<\/div>\n<\/div><\/div>\n\n\n\n<div id=\"wp-block-themeisle-blocks-advanced-columns-16fac211\" class=\"wp-block-themeisle-blocks-advanced-columns alignfull has-2-columns has-desktop-equal-layout has-tablet-equal-layout has-mobile-collapsedRows-layout has-reverse-columns-mobile has-vertical-unset has-light-bg\"><div class=\"wp-block-themeisle-blocks-advanced-columns-overlay\"><\/div><div class=\"innerblocks-wrap\">\n<div id=\"wp-block-themeisle-blocks-advanced-column-ed73681d\" class=\"wp-block-themeisle-blocks-advanced-column has-light-bg\">\n<h2 class=\"wp-block-heading has-text-align-center\">Agence postale communale<\/h2>\n\n\n\n<div id=\"wp-block-themeisle-blocks-advanced-columns-a56f7695\" class=\"wp-block-themeisle-blocks-advanced-columns has-1-columns has-desktop-equal-layout has-tablet-equal-layout has-mobile-collapsedRows-layout has-vertical-unset\"><div class=\"wp-block-themeisle-blocks-advanced-columns-overlay\"><\/div><div class=\"innerblocks-wrap\">\n<div id=\"wp-block-themeisle-blocks-advanced-column-2c1af124\" class=\"wp-block-themeisle-blocks-advanced-column\"><\/div>\n<\/div><\/div>\n\n\n\n<p class=\"has-text-align-center\">L\u2019Agence Postale Communale de Corconne est un service public communal mis en place pour conserver une pr\u00e9sence postale sur le village apr\u00e8s la d\u00e9cision de fermeture de notre Bureau de Poste.<\/p>\n\n\n\n<p class=\"has-text-align-center\"><strong>Horaires d\u2019Ouverture<\/strong><\/p>\n\n\n\n<p class=\"has-text-align-center\">Du lundi au samedi matin de 9 h00 \u00e0 12 h<\/p>\n<\/div>\n\n\n\n<div id=\"wp-block-themeisle-blocks-advanced-column-6b6a948a\" class=\"wp-block-themeisle-blocks-advanced-column\">\n<div style=\"height:300px\" aria-hidden=\"true\" class=\"wp-block-spacer\"><\/div>\n<\/div>\n<\/div><\/div>\n\n\n\n<div id=\"wp-block-themeisle-blocks-advanced-columns-e4c8621b\" class=\"wp-block-themeisle-blocks-advanced-columns alignfull has-2-columns has-desktop-equal-layout has-tablet-equal-layout has-mobile-collapsedRows-layout has-vertical-unset has-light-bg\"><div class=\"wp-block-themeisle-blocks-advanced-columns-overlay\"><\/div><div class=\"innerblocks-wrap\">\n<div id=\"wp-block-themeisle-blocks-advanced-column-c0c84255\" class=\"wp-block-themeisle-blocks-advanced-column\">\n<div style=\"height:300px\" aria-hidden=\"true\" class=\"wp-block-spacer\"><\/div>\n<\/div>\n\n\n\n<div id=\"wp-block-themeisle-blocks-advanced-column-dac4969e\" class=\"wp-block-themeisle-blocks-advanced-column has-light-bg\">\n<h2 class=\"wp-block-heading has-text-align-center\">Ecole publique communale<\/h2>\n\n\n\n<div id=\"wp-block-themeisle-blocks-advanced-columns-2fa466b8\" class=\"wp-block-themeisle-blocks-advanced-columns has-1-columns has-desktop-equal-layout has-tablet-equal-layout has-mobile-collapsedRows-layout has-vertical-center\"><div class=\"wp-block-themeisle-blocks-advanced-columns-overlay\"><\/div><div class=\"innerblocks-wrap\">\n<div id=\"wp-block-themeisle-blocks-advanced-column-b7037af4\" class=\"wp-block-themeisle-blocks-advanced-column\"><\/div>\n<\/div><\/div>\n\n\n\n<p class=\"has-text-align-center\">L\u2019\u00c9cole Maternelle de Corconne fait partie du regroupement p\u00e9dagogique intercommunal des \u00e9coles de Brouzet-les Quissac-Carnas-Corconne.<\/p>\n\n\n\n<p class=\"has-text-align-center\">Le fonctionnement des \u00e9coles du regroupement est une comp\u00e9tence exerc\u00e9e par le SIRP, syndicat intercommunal de regroupement p\u00e9dagogique<\/p>\n\n\n\n<p class=\"has-text-align-center\">L\u2019\u00c9cole de Corconne comporte deux classes.<\/p>\n\n\n\n<p class=\"has-text-align-center\">Les inscriptions pour les trois \u00e9coles se font \u00e0 la Mairie du Domicile.<\/p>\n\n\n\n<p class=\"has-text-align-center\">Un service d\u2019accueil p\u00e9riscolaire est organis\u00e9 par le SIRP matin, midi et soir.<\/p>\n\n\n\n<p class=\"has-text-align-center\">Les \u00e9l\u00e8ves b\u00e9n\u00e9ficient du transport scolaire mis en place par le Conseil D\u00e9partemental du Gard<\/p>\n\n\n\n<div id=\"wp-block-themeisle-blocks-button-group-0d4be48e\" class=\"wp-block-themeisle-blocks-button-group wp-block-buttons align-center-desktop\">\n<div id=\"wp-block-themeisle-blocks-button-074b5894\" class=\"wp-block-themeisle-blocks-button wp-block-button\"><a href=\"https:\/\/www.corconne.fr\/index.php\/vie-pratique\/\" target=\"_self\" rel=\"noopener noreferrer\" class=\"wp-block-button__link\"><span>Renseignements inscriptions<\/span><\/a><\/div>\n<\/div>\n<\/div>\n<\/div><\/div>\n\n\n\n<div id=\"wp-block-themeisle-blocks-advanced-columns-781e0420\" class=\"wp-block-themeisle-blocks-advanced-columns alignfull has-2-columns has-desktop-equal-layout has-tablet-equal-layout has-mobile-collapsedRows-layout has-reverse-columns-mobile has-vertical-unset has-light-bg\"><div class=\"wp-block-themeisle-blocks-advanced-columns-overlay\"><\/div><div class=\"innerblocks-wrap\">\n<div id=\"wp-block-themeisle-blocks-advanced-column-cba44e66\" class=\"wp-block-themeisle-blocks-advanced-column has-light-bg\">\n<h2 class=\"wp-block-heading has-text-align-center\">Biblioth\u00e8que municipale<\/h2>\n\n\n\n<div id=\"wp-block-themeisle-blocks-advanced-columns-be104045\" class=\"wp-block-themeisle-blocks-advanced-columns has-1-columns has-desktop-equal-layout has-tablet-equal-layout has-mobile-collapsedRows-layout has-vertical-unset\"><div class=\"wp-block-themeisle-blocks-advanced-columns-overlay\"><\/div><div class=\"innerblocks-wrap\">\n<div id=\"wp-block-themeisle-blocks-advanced-column-098e1300\" class=\"wp-block-themeisle-blocks-advanced-column\"><\/div>\n<\/div><\/div>\n\n\n\n<p class=\"has-text-align-center\">La Biblioth\u00e8que Communale est situ\u00e9e dans l\u2019ancien presbyt\u00e8re, derri\u00e8re l\u2019\u00e9glise, 2 Place du plan des s\u0153urs.<\/p>\n\n\n\n<p class=\"has-text-align-center\">Elle est g\u00e9r\u00e9e par l\u2019Association Mosa\u00efque depuis sa cr\u00e9ation.<\/p>\n\n\n\n<p class=\"has-text-align-center\">Une \u00e9quipe de b\u00e9n\u00e9voles re\u00e7oit le public tous les lundis de 17h \u00e0 19h et les mercredis de 16h30 \u00e0 19h. Elle est g\u00e9n\u00e9ralement ferm\u00e9e pendant les vacances scolaires.<\/p>\n\n\n\n<p class=\"has-text-align-center\">Les \u00e9l\u00e8ves des \u00e9coles sont \u00e9galement accueillis sur le temps scolaire.<\/p>\n\n\n\n<p class=\"has-text-align-center\">La Biblioth\u00e8que de Corconne dispose d\u2019un fonds important de livres \u00e0 emprunter et d\u2019une section jeunesse.<\/p>\n\n\n\n<p>Elle fait partie du r\u00e9seau des Biblioth\u00e8ques de la Communaut\u00e9 de communes du Pi\u00e9mont C\u00e9venol. Elle re\u00e7oit \u00e9galement des ouvrages de la Biblioth\u00e8que de Pr\u00eat du D\u00e9partement avec le passage du bibliobus d\u00e9partemental.<\/p>\n<\/div>\n\n\n\n<div id=\"wp-block-themeisle-blocks-advanced-column-a31f25a4\" class=\"wp-block-themeisle-blocks-advanced-column\">\n<div style=\"height:300px\" aria-hidden=\"true\" class=\"wp-block-spacer\"><\/div>\n<\/div>\n<\/div><\/div>\n\n\n\n<p><\/p>\n","protected":false},"excerpt":{"rendered":"","protected":false},"author":1,"featured_media":0,"parent":0,"menu_order":0,"comment_status":"closed","ping_status":"closed","template":"page-templates\/template-pagebuilder-full-width.php","meta":{"neve_meta_sidebar":"full-width","neve_meta_container":"","neve_meta_enable_content_width":"on","neve_meta_content_width":100,"neve_meta_title_alignment":"","neve_meta_author_avatar":"","neve_post_elements_order":"","neve_meta_disable_header":"","neve_meta_disable_footer":"","neve_meta_disable_title":"on","_themeisle_gutenberg_block_has_review":false,"footnotes":""},"class_list":["post-109","page","type-page","status-publish","hentry"],"_links":{"self":[{"href":"https:\/\/www.corconne.fr\/index.php\/wp-json\/wp\/v2\/pages\/109","targetHints":{"allow":["GET"]}}],"collection":[{"href":"https:\/\/www.corconne.fr\/index.php\/wp-json\/wp\/v2\/pages"}],"about":[{"href":"https:\/\/www.corconne.fr\/index.php\/wp-json\/wp\/v2\/types\/page"}],"author":[{"embeddable":true,"href":"https:\/\/www.corconne.fr\/index.php\/wp-json\/wp\/v2\/users\/1"}],"replies":[{"embeddable":true,"href":"https:\/\/www.corconne.fr\/index.php\/wp-json\/wp\/v2\/comments?post=109"}],"version-history":[{"count":17,"href":"https:\/\/www.corconne.fr\/index.php\/wp-json\/wp\/v2\/pages\/109\/revisions"}],"predecessor-version":[{"id":526,"href":"https:\/\/www.corconne.fr\/index.php\/wp-json\/wp\/v2\/pages\/109\/revisions\/526"}],"wp:attachment":[{"href":"https:\/\/www.corconne.fr\/index.php\/wp-json\/wp\/v2\/media?parent=109"}],"curies":[{"name":"wp","href":"https:\/\/api.w.org\/{rel}","templated":true}]}}